{"id":2,"date":"2024-01-14T15:26:00","date_gmt":"2024-01-14T15:26:00","guid":{"rendered":"https:\/\/concours-st-valentin.granbyregion.com\/?page_id=2"},"modified":"2024-01-29T14:05:46","modified_gmt":"2024-01-29T14:05:46","slug":"sample-page","status":"publish","type":"page","link":"https:\/\/concours-st-valentin.granbyregion.com\/","title":{"rendered":"Sample Page"},"content":{"rendered":"<p>[et_pb_section fb_built=\u00a0\u00bb1&Prime; next_background_color=\u00a0\u00bb#ffffff\u00a0\u00bb _builder_version=\u00a0\u00bb4.21.0&Prime; background_color=\u00a0\u00bb#FFFFFF\u00a0\u00bb background_image=\u00a0\u00bbhttps:\/\/concours-st-valentin.granbyregion.com\/wp-content\/uploads\/2024\/01\/coeurs.png\u00a0\u00bb custom_padding=\u00a0\u00bb48px||27px|||\u00a0\u00bb bottom_divider_style=\u00a0\u00bbcurve\u00a0\u00bb bottom_divider_height=\u00a0\u00bb32px\u00a0\u00bb global_colors_info=\u00a0\u00bb{}\u00a0\u00bb][et_pb_row _builder_version=\u00a0\u00bb4.21.0&Prime; _module_preset=\u00a0\u00bbdefault\u00a0\u00bb global_colors_info=\u00a0\u00bb{}\u00a0\u00bb][et_pb_column type=\u00a0\u00bb4_4&Prime; _builder_version=\u00a0\u00bb4.21.0&Prime; _module_preset=\u00a0\u00bbdefault\u00a0\u00bb global_colors_info=\u00a0\u00bb{}\u00a0\u00bb][et_pb_text module_class=\u00a0\u00bbtitle\u00a0\u00bb _builder_version=\u00a0\u00bb4.21.0&Prime; _module_preset=\u00a0\u00bbdefault\u00a0\u00bb text_font=\u00a0\u00bbABeeZee||||||||\u00a0\u00bb text_text_color=\u00a0\u00bb#ed3764&Prime; text_font_size=\u00a0\u00bb50px\u00a0\u00bb text_orientation=\u00a0\u00bbcenter\u00a0\u00bb global_colors_info=\u00a0\u00bb{}\u00a0\u00bb]<\/p>\n<p style=\"text-align: center;\"><strong>Concours!<br \/><\/strong><\/p>\n<p>[\/et_pb_text][et_pb_text _builder_version=\u00a0\u00bb4.21.0&Prime; _module_preset=\u00a0\u00bbdefault\u00a0\u00bb text_font=\u00a0\u00bbABeeZee||||||||\u00a0\u00bb text_text_color=\u00a0\u00bb#ed3764&Prime; text_font_size=\u00a0\u00bb28px\u00a0\u00bb text_orientation=\u00a0\u00bbcenter\u00a0\u00bb text_font_size_tablet=\u00a0\u00bb28px\u00a0\u00bb text_font_size_phone=\u00a0\u00bb28px\u00a0\u00bb text_font_size_last_edited=\u00a0\u00bbon|phone\u00a0\u00bb text_line_height_tablet=\u00a0\u00bb\u00a0\u00bb text_line_height_phone=\u00a0\u00bb1.8em\u00a0\u00bb text_line_height_last_edited=\u00a0\u00bbon|phone\u00a0\u00bb global_colors_info=\u00a0\u00bb{}\u00a0\u00bb]<\/p>\n<p style=\"text-align: center;\"><span>Une escapade de Saint-Valentin pour se g\u00e2ter en amoureux dans Granby r\u00e9gion!<\/span><\/p>\n<p>[\/et_pb_text][\/et_pb_column][\/et_pb_row][et_pb_row column_structure=\u00a0\u00bb1_2,1_2&Prime; make_equal=\u00a0\u00bbon\u00a0\u00bb _builder_version=\u00a0\u00bb4.21.0&Prime; _module_preset=\u00a0\u00bbdefault\u00a0\u00bb module_alignment=\u00a0\u00bbcenter\u00a0\u00bb custom_padding=\u00a0\u00bb4px||0px|||\u00a0\u00bb custom_css_main_element=\u00a0\u00bbalign-items: center;\u00a0\u00bb global_colors_info=\u00a0\u00bb{}\u00a0\u00bb custom_css_main_element__hover_enabled=\u00a0\u00bboff|desktop\u00a0\u00bb][et_pb_column type=\u00a0\u00bb1_2&Prime; _builder_version=\u00a0\u00bb4.21.0&Prime; _module_preset=\u00a0\u00bbdefault\u00a0\u00bb custom_css_main_element=\u00a0\u00bbmargin: auto;\u00a0\u00bb global_colors_info=\u00a0\u00bb{}\u00a0\u00bb][et_pb_image src=\u00a0\u00bbhttps:\/\/concours-st-valentin.granbyregion.com\/wp-content\/uploads\/2024\/01\/couples.png\u00a0\u00bb title_text=\u00a0\u00bbcouples\u00a0\u00bb _builder_version=\u00a0\u00bb4.21.0&Prime; _module_preset=\u00a0\u00bbdefault\u00a0\u00bb custom_padding=\u00a0\u00bb0px|||||\u00a0\u00bb global_colors_info=\u00a0\u00bb{}\u00a0\u00bb][\/et_pb_image][\/et_pb_column][et_pb_column type=\u00a0\u00bb1_2&Prime; _builder_version=\u00a0\u00bb4.21.0&Prime; _module_preset=\u00a0\u00bbdefault\u00a0\u00bb background_color=\u00a0\u00bb#FFFFFF\u00a0\u00bb custom_padding=\u00a0\u00bb24px|24px|24px|24px|false|false\u00a0\u00bb border_radii=\u00a0\u00bbon|24px|24px|24px|24px\u00a0\u00bb global_colors_info=\u00a0\u00bb{}\u00a0\u00bb][et_pb_text _builder_version=\u00a0\u00bb4.21.0&Prime; _module_preset=\u00a0\u00bbdefault\u00a0\u00bb text_font=\u00a0\u00bbABeeZee|700|||||||\u00a0\u00bb text_text_color=\u00a0\u00bb#000000&Prime; text_font_size=\u00a0\u00bb20px\u00a0\u00bb custom_margin=\u00a0\u00bb1px||-4px|||\u00a0\u00bb custom_padding=\u00a0\u00bb||0px|||\u00a0\u00bb global_colors_info=\u00a0\u00bb{}\u00a0\u00bb]<\/p>\n<p style=\"font-weight: 400;\"><strong>\u00c0 gagner\u00a0:<\/strong><\/p>\n<p style=\"font-weight: 400;\"><strong><\/strong><\/p>\n<ul style=\"font-weight: 400;\">\n<li>Une entr\u00e9e pour <strong>2 personnes<\/strong> \u00e0 l\u2019\u00e9v\u00e9nement <strong>Wine-ter Day du Vignoble La Manse<\/strong>,<br \/>le <strong>3 f\u00e9vrier<\/strong> prochain*<\/li>\n<li><span>Un <\/span><span><strong>ch\u00e8que-cadeau<\/strong> de <strong>75\u00a0$<\/strong> \u00e0 d\u00e9penser dans la soir\u00e9e du 3\u00a0f\u00e9vrier\u00a02024, pour <strong>2\u00a0personnes<\/strong>, \u00e0 la <strong>Piazzetta de Granby<\/strong>*<\/span><\/li>\n<li><strong>40 $<\/strong> \u00e0 d\u00e9penser dans le <strong>R\u00e9seau des Haltes gourmandes<\/strong> en Haute-Yamaska<\/li>\n<\/ul>\n<p>[\/et_pb_text][et_pb_text _builder_version=\u00a0\u00bb4.21.0&Prime; _module_preset=\u00a0\u00bbdefault\u00a0\u00bb text_text_color=\u00a0\u00bb#000000&Prime; text_font_size=\u00a0\u00bb11px\u00a0\u00bb custom_margin=\u00a0\u00bb||13px|||\u00a0\u00bb global_colors_info=\u00a0\u00bb{}\u00a0\u00bb]<\/p>\n<p><span>*En cas de mauvais temps, l\u2019\u00e9v\u00e9nement et le souper seront remis au 4 f\u00e9vrier 2024<\/span><\/p>\n<p>[\/et_pb_text][et_pb_text _builder_version=\u00a0\u00bb4.21.0&Prime; _module_preset=\u00a0\u00bbdefault\u00a0\u00bb text_font=\u00a0\u00bbABeeZee|700|||||||\u00a0\u00bb text_text_color=\u00a0\u00bb#000000&Prime; text_font_size=\u00a0\u00bb20px\u00a0\u00bb custom_padding=\u00a0\u00bb||4px|||\u00a0\u00bb global_colors_info=\u00a0\u00bb{}\u00a0\u00bb]<\/p>\n<p><span>Un prix d\u2019une valeur totale de <strong>205 $<\/strong>. <\/span><br \/><span>Dur\u00e9e du concours\u00a0: <strong>17 au 28 janvier 2024<\/strong>, 23h59. Tirage\u00a0: <strong>29 janvier, 10 h<\/strong>.<\/span><\/p>\n<p>[\/et_pb_text][\/et_pb_column][\/et_pb_row][\/et_pb_section][et_pb_section fb_built=\u00a0\u00bb1&Prime; _builder_version=\u00a0\u00bb4.21.0&Prime; _module_preset=\u00a0\u00bbdefault\u00a0\u00bb global_colors_info=\u00a0\u00bb{}\u00a0\u00bb][et_pb_row _builder_version=\u00a0\u00bb4.21.0&Prime; _module_preset=\u00a0\u00bbdefault\u00a0\u00bb z_index=\u00a0\u00bb55&Prime; width=\u00a0\u00bb62%\u00a0\u00bb global_colors_info=\u00a0\u00bb{}\u00a0\u00bb][et_pb_column type=\u00a0\u00bb4_4&Prime; _builder_version=\u00a0\u00bb4.21.0&Prime; _module_preset=\u00a0\u00bbdefault\u00a0\u00bb global_colors_info=\u00a0\u00bb{}\u00a0\u00bb][et_pb_code disabled_on=\u00a0\u00bbon|on|on\u00a0\u00bb _builder_version=\u00a0\u00bb4.21.0&Prime; _module_preset=\u00a0\u00bbdefault\u00a0\u00bb disabled=\u00a0\u00bbon\u00a0\u00bb global_colors_info=\u00a0\u00bb{}\u00a0\u00bb]<div class=\"frm_forms  with_frm_style frm_style_style-formidable\" id=\"frm_form_2_container\" data-token=\"e1d9549477cdbcf504e144a283b469e5\">\n<form enctype=\"multipart\/form-data\" method=\"post\" class=\"frm-show-form \" id=\"form_form\" data-token=\"e1d9549477cdbcf504e144a283b469e5\">\n<div class=\"frm_form_fields \">\n<fieldset>\n<legend class=\"frm_screen_reader\">Form<\/legend>\r\n\r\n<div class=\"frm_fields_container\">\n<input type=\"hidden\" name=\"frm_action\" value=\"create\" \/>\n<input type=\"hidden\" name=\"form_id\" value=\"2\" \/>\n<input type=\"hidden\" name=\"frm_hide_fields_2\" id=\"frm_hide_fields_2\" value=\"\" \/>\n<input type=\"hidden\" name=\"form_key\" value=\"form\" \/>\n<input type=\"hidden\" name=\"item_meta[0]\" value=\"\" \/>\n<input type=\"hidden\" id=\"frm_submit_entry_2\" name=\"frm_submit_entry_2\" value=\"0849fdd6dd\" \/><input type=\"hidden\" name=\"_wp_http_referer\" value=\"\/index.php?rest_route=%2Fwp%2Fv2%2Fpages%2F2\" \/><div id=\"frm_field_9_container\" class=\"frm_form_field form-field  frm_required_field frm_top_container frm6 frm_first\">\r\n    <label for=\"field_3ae6t\" id=\"field_3ae6t_label\" class=\"frm_primary_label\">Pr\u00e9nom\r\n        <span class=\"frm_required\" aria-hidden=\"true\">*<\/span>\r\n    <\/label>\r\n    <input type=\"text\" id=\"field_3ae6t\" name=\"item_meta[9]\" value=\"\"  data-reqmsg=\"Ce champ ne peut pas \u00eatre vide\" aria-required=\"true\" data-invmsg=\"texte est non valide\" aria-invalid=\"false\"  \/>\r\n    \r\n    \r\n<\/div>\n<div id=\"frm_field_10_container\" class=\"frm_form_field form-field  frm_required_field frm_top_container frm6\">\r\n    <label for=\"field_flqbu\" id=\"field_flqbu_label\" class=\"frm_primary_label\">Nom\r\n        <span class=\"frm_required\" aria-hidden=\"true\">*<\/span>\r\n    <\/label>\r\n    <input type=\"text\" id=\"field_flqbu\" name=\"item_meta[10]\" value=\"\"  data-reqmsg=\"Ce champ ne peut pas \u00eatre vide\" aria-required=\"true\" data-invmsg=\"texte est non valide\" aria-invalid=\"false\"  \/>\r\n    \r\n    \r\n<\/div>\n<div id=\"frm_field_6_container\" class=\"frm_form_field form-field  frm_required_field frm_top_container frm6 frm_first\">\r\n    <label for=\"field_2rjvs\" id=\"field_2rjvs_label\" class=\"frm_primary_label\">Ville\r\n        <span class=\"frm_required\" aria-hidden=\"true\">*<\/span>\r\n    <\/label>\r\n    <input type=\"text\" id=\"field_2rjvs\" name=\"item_meta[6]\" value=\"\"  data-reqmsg=\"Ce champ ne peut pas \u00eatre vide\" aria-required=\"true\" data-invmsg=\"texte est non valide\" aria-invalid=\"false\"  \/>\r\n    \r\n    \r\n<\/div>\n<div id=\"frm_field_11_container\" class=\"frm_form_field form-field  frm_required_field frm_top_container frm6\">\r\n    <label for=\"field_4bqbw\" id=\"field_4bqbw_label\" class=\"frm_primary_label\">Num\u00e9ro de t\u00e9l\u00e9phone\r\n        <span class=\"frm_required\" aria-hidden=\"true\">*<\/span>\r\n    <\/label>\r\n    <input type=\"tel\" id=\"field_4bqbw\" name=\"item_meta[11]\" value=\"\"  data-reqmsg=\"Ce champ ne peut pas \u00eatre vide\" aria-required=\"true\" data-invmsg=\"T\u00e9l\u00e9phone est non valide\" aria-invalid=\"false\" pattern=\"((\\+\\d{1,3}(-|.| )?\\(?\\d\\)?(-| |.)?\\d{1,5})|(\\(?\\d{2,6}\\)?))(-|.| )?(\\d{3,4})(-|.| )?(\\d{4})(( x| ext)\\d{1,5}){0,1}$\"  \/>\r\n    \r\n    \r\n<\/div>\n<div id=\"frm_field_8_container\" class=\"frm_form_field form-field  frm_required_field frm_top_container frm12 frm_first\">\r\n    <label for=\"field_rkdyb\" id=\"field_rkdyb_label\" class=\"frm_primary_label\">Adresse courriel\r\n        <span class=\"frm_required\" aria-hidden=\"true\">*<\/span>\r\n    <\/label>\r\n    <input type=\"email\" id=\"field_rkdyb\" name=\"item_meta[8]\" value=\"\"  data-reqmsg=\"Ce champ ne peut pas \u00eatre vide\" aria-required=\"true\" data-invmsg=\"Email est non valide\" aria-invalid=\"false\"  \/>\r\n    \r\n    \r\n<\/div>\n<div id=\"frm_field_7_container\" class=\"frm_form_field form-field  frm_top_container frm12 frm_first vertical_radio\">\r\n    <div  id=\"field_r3hbp_label\" class=\"frm_primary_label\">\r\n        <span class=\"frm_required\" aria-hidden=\"true\"><\/span>\r\n    <\/div>\r\n    <div class=\"frm_opt_container\" aria-labelledby=\"field_r3hbp_label\" role=\"group\">\t\t<div class=\"frm_checkbox\" id=\"frm_checkbox_7-0\">\t\t\t<label  for=\"field_r3hbp-0\">\n\t\t\t<input type=\"checkbox\" name=\"item_meta[7][]\" id=\"field_r3hbp-0\" value=\"Je souhaite recevoir l\u2019infolettre de Tourisme Granby r\u00e9gion\" checked=\"checked\"  data-frmval=\"[&quot;Je souhaite recevoir l\\u2019infolettre de Tourisme Granby r\\u00e9gion&quot;,&quot;Je souhaite recevoir l\\u2019infolettre du Vignoble La Manse&quot;,&quot;Je souhaite recevoir l\\u2019infolettre de la Piazzetta&quot;,&quot;Je souhaite recevoir l\\u2019infolettre du R\\u00e9seau des Haltes gourmandes en Haute-Yamaska&quot;]\" data-invmsg=\"Ce champ est non valide\"   \/> Je souhaite recevoir l\u2019infolettre de Tourisme Granby r\u00e9gion<\/label><\/div>\n\t\t<div class=\"frm_checkbox\" id=\"frm_checkbox_7-1\">\t\t\t<label  for=\"field_r3hbp-1\">\n\t\t\t<input type=\"checkbox\" name=\"item_meta[7][]\" id=\"field_r3hbp-1\" value=\"Je souhaite recevoir l\u2019infolettre du Vignoble La Manse\" checked=\"checked\"  data-frmval=\"[&quot;Je souhaite recevoir l\\u2019infolettre de Tourisme Granby r\\u00e9gion&quot;,&quot;Je souhaite recevoir l\\u2019infolettre du Vignoble La Manse&quot;,&quot;Je souhaite recevoir l\\u2019infolettre de la Piazzetta&quot;,&quot;Je souhaite recevoir l\\u2019infolettre du R\\u00e9seau des Haltes gourmandes en Haute-Yamaska&quot;]\" data-invmsg=\"Ce champ est non valide\"   \/> Je souhaite recevoir l\u2019infolettre du Vignoble La Manse<\/label><\/div>\n\t\t<div class=\"frm_checkbox\" id=\"frm_checkbox_7-2\">\t\t\t<label  for=\"field_r3hbp-2\">\n\t\t\t<input type=\"checkbox\" name=\"item_meta[7][]\" id=\"field_r3hbp-2\" value=\"Je souhaite recevoir l\u2019infolettre de la Piazzetta\" checked=\"checked\"  data-frmval=\"[&quot;Je souhaite recevoir l\\u2019infolettre de Tourisme Granby r\\u00e9gion&quot;,&quot;Je souhaite recevoir l\\u2019infolettre du Vignoble La Manse&quot;,&quot;Je souhaite recevoir l\\u2019infolettre de la Piazzetta&quot;,&quot;Je souhaite recevoir l\\u2019infolettre du R\\u00e9seau des Haltes gourmandes en Haute-Yamaska&quot;]\" data-invmsg=\"Ce champ est non valide\"   \/> Je souhaite recevoir l\u2019infolettre de la Piazzetta<\/label><\/div>\n\t\t<div class=\"frm_checkbox\" id=\"frm_checkbox_7-3\">\t\t\t<label  for=\"field_r3hbp-3\">\n\t\t\t<input type=\"checkbox\" name=\"item_meta[7][]\" id=\"field_r3hbp-3\" value=\"Je souhaite recevoir l\u2019infolettre du R\u00e9seau des Haltes gourmandes en Haute-Yamaska\" checked=\"checked\"  data-frmval=\"[&quot;Je souhaite recevoir l\\u2019infolettre de Tourisme Granby r\\u00e9gion&quot;,&quot;Je souhaite recevoir l\\u2019infolettre du Vignoble La Manse&quot;,&quot;Je souhaite recevoir l\\u2019infolettre de la Piazzetta&quot;,&quot;Je souhaite recevoir l\\u2019infolettre du R\\u00e9seau des Haltes gourmandes en Haute-Yamaska&quot;]\" data-invmsg=\"Ce champ est non valide\"   \/> Je souhaite recevoir l\u2019infolettre du R\u00e9seau des Haltes gourmandes en Haute-Yamaska<\/label><\/div>\n<\/div>\r\n    \r\n    \r\n<\/div>\n\t<input type=\"hidden\" name=\"item_key\" value=\"\" \/>\n\t\t\t<div id=\"frm_field_12_container\">\n\t\t\t<label for=\"field_xw0m7\" >\n\t\t\t\tSi vous \u00eates un humain, ne remplissez pas ce champ.\t\t\t<\/label>\n\t\t\t<input  id=\"field_xw0m7\" type=\"text\" class=\"frm_form_field form-field frm_verify\" name=\"item_meta[12]\" value=\"\"  \/>\n\t\t<\/div>\n\t\t<input name=\"frm_state\" type=\"hidden\" value=\"emKrylvdIXFepIkYbIMI4SrUVaxFIQwqzEiTDR5CM70=\" \/><div class=\"frm_submit frm_flex\">\r\n<button class=\"frm_button_submit\" type=\"submit\"  >Je participe<\/button>\r\n\r\n\r\n\r\n<\/div><\/div>\n<\/fieldset>\n<\/div>\n\n<\/form>\n<\/div>\n[\/et_pb_code][et_pb_text _builder_version=\u00a0\u00bb4.21.0&Prime; _module_preset=\u00a0\u00bbdefault\u00a0\u00bb header_2_text_align=\u00a0\u00bbcenter\u00a0\u00bb header_2_font_size=\u00a0\u00bb36px\u00a0\u00bb global_colors_info=\u00a0\u00bb{}\u00a0\u00bb]<\/p>\n<h2>Merci d&rsquo;avoir particip\u00e9 \u00e0 notre concours. Vous serez avis\u00e9 des r\u00e9sultats prochainement<\/h2>\n<p>[\/et_pb_text][et_pb_code _builder_version=\u00a0\u00bb4.21.0&Prime; _module_preset=\u00a0\u00bbdefault\u00a0\u00bb hover_enabled=\u00a0\u00bb0&Prime; global_colors_info=\u00a0\u00bb{}\u00a0\u00bb sticky_enabled=\u00a0\u00bb0&Prime;]<script>         setTimeout(function(){            window.location.href = 'https:\/\/granbyregion.com\/';         }, 5000);      <\/script> [\/et_pb_code][\/et_pb_column][\/et_pb_row][\/et_pb_section]<\/p>\n","protected":false},"excerpt":{"rendered":"<p>Concours!Une escapade de Saint-Valentin pour se g\u00e2ter en amoureux dans Granby r\u00e9gion!\u00c0 gagner\u00a0: Une entr\u00e9e pour 2 personnes \u00e0 l\u2019\u00e9v\u00e9nement Wine-ter Day du Vignoble La Manse,le 3 f\u00e9vrier prochain* Un ch\u00e8que-cadeau de 75\u00a0$ \u00e0 d\u00e9penser dans la soir\u00e9e du 3\u00a0f\u00e9vrier\u00a02024, pour 2\u00a0personnes, \u00e0 la Piazzetta de Granby* 40 $ \u00e0 d\u00e9penser dans le R\u00e9seau des [&hellip;]<\/p>\n","protected":false},"author":1,"featured_media":0,"parent":0,"menu_order":0,"comment_status":"closed","ping_status":"open","template":"","meta":{"_et_pb_use_builder":"on","_et_pb_old_content":"<!-- wp:paragraph -->\n<p>This is an example page. It's different from a blog post because it will stay in one place and will show up in your site navigation (in most themes). Most people start with an About page that introduces them to potential site visitors. It might say something like this:<\/p>\n<!-- \/wp:paragraph -->\n\n<!-- wp:quote -->\n<blockquote class=\"wp-block-quote\"><p>Hi there! I'm a bike messenger by day, aspiring actor by night, and this is my website. I live in Los Angeles, have a great dog named Jack, and I like pi&#241;a coladas. (And gettin' caught in the rain.)<\/p><\/blockquote>\n<!-- \/wp:quote -->\n\n<!-- wp:paragraph -->\n<p>...or something like this:<\/p>\n<!-- \/wp:paragraph -->\n\n<!-- wp:quote -->\n<blockquote class=\"wp-block-quote\"><p>The XYZ Doohickey Company was founded in 1971, and has been providing quality doohickeys to the public ever since. Located in Gotham City, XYZ employs over 2,000 people and does all kinds of awesome things for the Gotham community.<\/p><\/blockquote>\n<!-- \/wp:quote -->\n\n<!-- wp:paragraph -->\n<p>As a new WordPress user, you should go to <a href=\"https:\/\/concours-st-valentin.granbyregion.com\/wp-admin\/\">your dashboard<\/a> to delete this page and create new pages for your content. Have fun!<\/p>\n<!-- \/wp:paragraph -->","_et_gb_content_width":"1080","footnotes":""},"class_list":["post-2","page","type-page","status-publish","hentry"],"_links":{"self":[{"href":"https:\/\/concours-st-valentin.granbyregion.com\/index.php?rest_route=\/wp\/v2\/pages\/2","targetHints":{"allow":["GET"]}}],"collection":[{"href":"https:\/\/concours-st-valentin.granbyregion.com\/index.php?rest_route=\/wp\/v2\/pages"}],"about":[{"href":"https:\/\/concours-st-valentin.granbyregion.com\/index.php?rest_route=\/wp\/v2\/types\/page"}],"author":[{"embeddable":true,"href":"https:\/\/concours-st-valentin.granbyregion.com\/index.php?rest_route=\/wp\/v2\/users\/1"}],"replies":[{"embeddable":true,"href":"https:\/\/concours-st-valentin.granbyregion.com\/index.php?rest_route=%2Fwp%2Fv2%2Fcomments&post=2"}],"version-history":[{"count":47,"href":"https:\/\/concours-st-valentin.granbyregion.com\/index.php?rest_route=\/wp\/v2\/pages\/2\/revisions"}],"predecessor-version":[{"id":115,"href":"https:\/\/concours-st-valentin.granbyregion.com\/index.php?rest_route=\/wp\/v2\/pages\/2\/revisions\/115"}],"wp:attachment":[{"href":"https:\/\/concours-st-valentin.granbyregion.com\/index.php?rest_route=%2Fwp%2Fv2%2Fmedia&parent=2"}],"curies":[{"name":"wp","href":"https:\/\/api.w.org\/{rel}","templated":true}]}}